{"id":1009,"date":"2024-05-16T11:20:11","date_gmt":"2024-05-16T11:20:11","guid":{"rendered":"https:\/\/origin.tech-impulse.com\/?page_id=1009"},"modified":"2025-03-30T18:59:01","modified_gmt":"2025-03-30T18:59:01","slug":"blog","status":"publish","type":"page","link":"https:\/\/originsights.com\/es\/index.php\/blog\/","title":{"rendered":"Blog"},"content":{"rendered":"\t\t<div data-elementor-type=\"wp-page\" data-elementor-id=\"1009\" class=\"elementor elementor-1009\" data-elementor-post-type=\"page\">\n\t\t\t\t<div class=\"elementor-element elementor-element-6ce60a69 e-con-full e-flex e-con e-parent\" data-id=\"6ce60a69\" data-element_type=\"container\" data-core-v316-plus=\"true\">\n\t\t\t\t<div class=\"elementor-element elementor-element-96666d0 elementor-posts__hover-none elementor-posts--align-left elementor-grid-3 elementor-grid-tablet-2 elementor-grid-mobile-1 elementor-posts--thumbnail-top elementor-widget elementor-widget-posts\" data-id=\"96666d0\" data-element_type=\"widget\" data-settings=\"{&quot;cards_row_gap&quot;:{&quot;unit&quot;:&quot;px&quot;,&quot;size&quot;:80,&quot;sizes&quot;:[]},&quot;cards_row_gap_tablet&quot;:{&quot;unit&quot;:&quot;px&quot;,&quot;size&quot;:71,&quot;sizes&quot;:[]},&quot;cards_row_gap_mobile&quot;:{&quot;unit&quot;:&quot;px&quot;,&quot;size&quot;:30,&quot;sizes&quot;:[]},&quot;pagination_type&quot;:&quot;load_more_infinite_scroll&quot;,&quot;cards_columns&quot;:&quot;3&quot;,&quot;cards_columns_tablet&quot;:&quot;2&quot;,&quot;cards_columns_mobile&quot;:&quot;1&quot;,&quot;load_more_spinner&quot;:{&quot;value&quot;:&quot;fas fa-spinner&quot;,&quot;library&quot;:&quot;fa-solid&quot;}}\" data-widget_type=\"posts.cards\">\n\t\t\t\t<div class=\"elementor-widget-container\">\n\t\t\t<link rel=\"stylesheet\" href=\"https:\/\/originsights.com\/wp-content\/plugins\/elementor-pro\/assets\/css\/widget-posts.min.css\">\t\t<div class=\"elementor-posts-container elementor-posts elementor-posts--skin-cards elementor-grid\">\n\t\t\t\t<article class=\"elementor-post elementor-grid-item post-3883 post type-post status-publish format-standard has-post-thumbnail hentry category-insights-es\">\n\t\t\t<div class=\"elementor-post__card\">\n\t\t\t\t<a class=\"elementor-post__thumbnail__link\" href=\"https:\/\/originsights.com\/es\/index.php\/2025\/05\/23\/no-descartes-todavia-tus-buyer-personas\/\" tabindex=\"-1\" ><div class=\"elementor-post__thumbnail\"><img fetchpriority=\"high\" decoding=\"async\" width=\"1200\" height=\"652\" src=\"https:\/\/originsights.com\/wp-content\/uploads\/2025\/05\/Buyer-persona.jpeg\" class=\"attachment-1536x1536 size-1536x1536 wp-image-3875\" alt=\"Buyer persona\" srcset=\"https:\/\/originsights.com\/wp-content\/uploads\/2025\/05\/Buyer-persona.jpeg 1200w, https:\/\/originsights.com\/wp-content\/uploads\/2025\/05\/Buyer-persona-300x163.jpeg 300w, https:\/\/originsights.com\/wp-content\/uploads\/2025\/05\/Buyer-persona-1024x556.jpeg 1024w, https:\/\/originsights.com\/wp-content\/uploads\/2025\/05\/Buyer-persona-768x417.jpeg 768w\" sizes=\"(max-width: 1200px) 100vw, 1200px\" \/><\/div><\/a>\n\t\t\t\t<div class=\"elementor-post__text\">\n\t\t\t\t<h4 class=\"elementor-post__title\">\n\t\t\t<a href=\"https:\/\/originsights.com\/es\/index.php\/2025\/05\/23\/no-descartes-todavia-tus-buyer-personas\/\" >\n\t\t\t\tNo descartes todav\u00eda tus buyer personas\t\t\t<\/a>\n\t\t<\/h4>\n\t\t\t\t<div class=\"elementor-post__excerpt\">\n\t\t\t<p>Understanding how to use buyer personas effectively can help organisations align and improve customer centricity. Here are some of the insights we have gathered on how to create and bring to life powerful personas. <\/p>\n\t\t<\/div>\n\t\t\n\t\t<a class=\"elementor-post__read-more\" href=\"https:\/\/originsights.com\/es\/index.php\/2025\/05\/23\/no-descartes-todavia-tus-buyer-personas\/\" aria-label=\"M\u00e1s informaci\u00f3n sobre No descartes todav\u00eda tus buyer personas\" tabindex=\"-1\" >\n\t\t\tRead more\t\t<\/a>\n\n\t\t\t\t<\/div>\n\t\t\t\t<div class=\"elementor-post__meta-data\">\n\t\t\t\t\t<span class=\"elementor-post-author\">\n\t\t\tMar Serr\u00e1n\t\t<\/span>\n\t\t\t\t<span class=\"elementor-post-date\">\n\t\t\tmayo 23, 2025\t\t<\/span>\n\t\t\t\t<\/div>\n\t\t\t\t\t<\/div>\n\t\t<\/article>\n\t\t\t\t<article class=\"elementor-post elementor-grid-item post-3842 post type-post status-publish format-standard has-post-thumbnail hentry category-insights-es\">\n\t\t\t<div class=\"elementor-post__card\">\n\t\t\t\t<a class=\"elementor-post__thumbnail__link\" href=\"https:\/\/originsights.com\/es\/index.php\/2025\/03\/28\/ai-is-already-answering-surveys-do-you-know-what-this-means-for-your-data\/\" tabindex=\"-1\" ><div class=\"elementor-post__thumbnail\"><img decoding=\"async\" width=\"1536\" height=\"1024\" src=\"https:\/\/originsights.com\/wp-content\/uploads\/2025\/03\/pexels-tara-winstead-8386440-1536x1024.jpg\" class=\"attachment-1536x1536 size-1536x1536 wp-image-3803\" alt=\"\" srcset=\"https:\/\/originsights.com\/wp-content\/uploads\/2025\/03\/pexels-tara-winstead-8386440-1536x1024.jpg 1536w, https:\/\/originsights.com\/wp-content\/uploads\/2025\/03\/pexels-tara-winstead-8386440-300x200.jpg 300w, https:\/\/originsights.com\/wp-content\/uploads\/2025\/03\/pexels-tara-winstead-8386440-1024x683.jpg 1024w, https:\/\/originsights.com\/wp-content\/uploads\/2025\/03\/pexels-tara-winstead-8386440-768x512.jpg 768w, https:\/\/originsights.com\/wp-content\/uploads\/2025\/03\/pexels-tara-winstead-8386440-2048x1365.jpg 2048w\" sizes=\"(max-width: 1536px) 100vw, 1536px\" \/><\/div><\/a>\n\t\t\t\t<div class=\"elementor-post__text\">\n\t\t\t\t<h4 class=\"elementor-post__title\">\n\t\t\t<a href=\"https:\/\/originsights.com\/es\/index.php\/2025\/03\/28\/ai-is-already-answering-surveys-do-you-know-what-this-means-for-your-data\/\" >\n\t\t\t\tAI is already answering surveys. Do you know what this means for your data?\t\t\t<\/a>\n\t\t<\/h4>\n\t\t\t\t<div class=\"elementor-post__excerpt\">\n\t\t\t<p>For many years, data quality was not a concern for research buyers. This has changed, and the widespread availability of AI hasn&#8217;t helped recently. Discover six ways to protect the quality of your surveys.  <\/p>\n\t\t<\/div>\n\t\t\n\t\t<a class=\"elementor-post__read-more\" href=\"https:\/\/originsights.com\/es\/index.php\/2025\/03\/28\/ai-is-already-answering-surveys-do-you-know-what-this-means-for-your-data\/\" aria-label=\"M\u00e1s informaci\u00f3n sobre AI is already answering surveys. Do you know what this means for your data?\" tabindex=\"-1\" >\n\t\t\tRead more\t\t<\/a>\n\n\t\t\t\t<\/div>\n\t\t\t\t<div class=\"elementor-post__meta-data\">\n\t\t\t\t\t<span class=\"elementor-post-author\">\n\t\t\tMar Serr\u00e1n\t\t<\/span>\n\t\t\t\t<span class=\"elementor-post-date\">\n\t\t\tmarzo 28, 2025\t\t<\/span>\n\t\t\t\t<\/div>\n\t\t\t\t\t<\/div>\n\t\t<\/article>\n\t\t\t\t<article class=\"elementor-post elementor-grid-item post-3797 post type-post status-publish format-standard has-post-thumbnail hentry category-sin-categorizar-es\">\n\t\t\t<div class=\"elementor-post__card\">\n\t\t\t\t<a class=\"elementor-post__thumbnail__link\" href=\"https:\/\/originsights.com\/es\/index.php\/2024\/12\/19\/activation-should-be-the-top-priority-in-your-insights-strategy\/\" tabindex=\"-1\" ><div class=\"elementor-post__thumbnail\"><img decoding=\"async\" width=\"1536\" height=\"819\" src=\"https:\/\/originsights.com\/wp-content\/uploads\/2024\/12\/pexels-pixabay-220213-1536x819.jpg\" class=\"attachment-1536x1536 size-1536x1536 wp-image-3779\" alt=\"Insight activation\" srcset=\"https:\/\/originsights.com\/wp-content\/uploads\/2024\/12\/pexels-pixabay-220213-1536x819.jpg 1536w, https:\/\/originsights.com\/wp-content\/uploads\/2024\/12\/pexels-pixabay-220213-300x160.jpg 300w, https:\/\/originsights.com\/wp-content\/uploads\/2024\/12\/pexels-pixabay-220213-1024x546.jpg 1024w, https:\/\/originsights.com\/wp-content\/uploads\/2024\/12\/pexels-pixabay-220213-768x410.jpg 768w, https:\/\/originsights.com\/wp-content\/uploads\/2024\/12\/pexels-pixabay-220213-2048x1092.jpg 2048w\" sizes=\"(max-width: 1536px) 100vw, 1536px\" \/><\/div><\/a>\n\t\t\t\t<div class=\"elementor-post__text\">\n\t\t\t\t<h4 class=\"elementor-post__title\">\n\t\t\t<a href=\"https:\/\/originsights.com\/es\/index.php\/2024\/12\/19\/activation-should-be-the-top-priority-in-your-insights-strategy\/\" >\n\t\t\t\tActivation should be the top priority in your insights\u2019 strategy.\t\t\t<\/a>\n\t\t<\/h4>\n\t\t\t\t<div class=\"elementor-post__excerpt\">\n\t\t\t<p>A number of hot topics are dominating the conversation about what will be key in market research and insights in<\/p>\n\t\t<\/div>\n\t\t\n\t\t<a class=\"elementor-post__read-more\" href=\"https:\/\/originsights.com\/es\/index.php\/2024\/12\/19\/activation-should-be-the-top-priority-in-your-insights-strategy\/\" aria-label=\"M\u00e1s informaci\u00f3n sobre Activation should be the top priority in your insights\u2019 strategy.\" tabindex=\"-1\" >\n\t\t\tRead more\t\t<\/a>\n\n\t\t\t\t<\/div>\n\t\t\t\t<div class=\"elementor-post__meta-data\">\n\t\t\t\t\t<span class=\"elementor-post-author\">\n\t\t\tMar Serr\u00e1n\t\t<\/span>\n\t\t\t\t<span class=\"elementor-post-date\">\n\t\t\tdiciembre 19, 2024\t\t<\/span>\n\t\t\t\t<\/div>\n\t\t\t\t\t<\/div>\n\t\t<\/article>\n\t\t\t\t<article class=\"elementor-post elementor-grid-item post-3774 post type-post status-publish format-standard has-post-thumbnail hentry\">\n\t\t\t<div class=\"elementor-post__card\">\n\t\t\t\t<a class=\"elementor-post__thumbnail__link\" href=\"https:\/\/originsights.com\/es\/index.php\/2024\/11\/14\/market-research-briefing-how-to-get-started\/\" tabindex=\"-1\" ><div class=\"elementor-post__thumbnail\"><img loading=\"lazy\" decoding=\"async\" width=\"1536\" height=\"1017\" src=\"https:\/\/originsights.com\/wp-content\/uploads\/2024\/11\/pexels-messalaciulla-942872-1536x1017.jpg\" class=\"attachment-1536x1536 size-1536x1536 wp-image-3770\" alt=\"\" srcset=\"https:\/\/originsights.com\/wp-content\/uploads\/2024\/11\/pexels-messalaciulla-942872-1536x1017.jpg 1536w, https:\/\/originsights.com\/wp-content\/uploads\/2024\/11\/pexels-messalaciulla-942872-300x199.jpg 300w, https:\/\/originsights.com\/wp-content\/uploads\/2024\/11\/pexels-messalaciulla-942872-1024x678.jpg 1024w, https:\/\/originsights.com\/wp-content\/uploads\/2024\/11\/pexels-messalaciulla-942872-768x509.jpg 768w, https:\/\/originsights.com\/wp-content\/uploads\/2024\/11\/pexels-messalaciulla-942872-2048x1356.jpg 2048w\" sizes=\"(max-width: 1536px) 100vw, 1536px\" \/><\/div><\/a>\n\t\t\t\t<div class=\"elementor-post__text\">\n\t\t\t\t<h4 class=\"elementor-post__title\">\n\t\t\t<a href=\"https:\/\/originsights.com\/es\/index.php\/2024\/11\/14\/market-research-briefing-how-to-get-started\/\" >\n\t\t\t\tMarket research briefing: how to get started.\t\t\t<\/a>\n\t\t<\/h4>\n\t\t\t\t<div class=\"elementor-post__excerpt\">\n\t\t\t<p>Stuck with your research brief? Many marketers struggle with research briefings, especially if they don&#8217;t have access to insights experts<\/p>\n\t\t<\/div>\n\t\t\n\t\t<a class=\"elementor-post__read-more\" href=\"https:\/\/originsights.com\/es\/index.php\/2024\/11\/14\/market-research-briefing-how-to-get-started\/\" aria-label=\"M\u00e1s informaci\u00f3n sobre Market research briefing: how to get started.\" tabindex=\"-1\" >\n\t\t\tRead more\t\t<\/a>\n\n\t\t\t\t<\/div>\n\t\t\t\t<div class=\"elementor-post__meta-data\">\n\t\t\t\t\t<span class=\"elementor-post-author\">\n\t\t\tMar Serr\u00e1n\t\t<\/span>\n\t\t\t\t<span class=\"elementor-post-date\">\n\t\t\tnoviembre 14, 2024\t\t<\/span>\n\t\t\t\t<\/div>\n\t\t\t\t\t<\/div>\n\t\t<\/article>\n\t\t\t\t<article class=\"elementor-post elementor-grid-item post-3752 post type-post status-publish format-standard has-post-thumbnail hentry\">\n\t\t\t<div class=\"elementor-post__card\">\n\t\t\t\t<a class=\"elementor-post__thumbnail__link\" href=\"https:\/\/originsights.com\/es\/index.php\/2024\/10\/24\/dont-let-bad-concept-testing-kill-your-innovation\/\" tabindex=\"-1\" ><div class=\"elementor-post__thumbnail\"><img loading=\"lazy\" decoding=\"async\" width=\"1536\" height=\"1068\" src=\"https:\/\/originsights.com\/wp-content\/uploads\/2024\/10\/pexels-pixabay-355952-1536x1068.jpg\" class=\"attachment-1536x1536 size-1536x1536 wp-image-3744\" alt=\"\" srcset=\"https:\/\/originsights.com\/wp-content\/uploads\/2024\/10\/pexels-pixabay-355952-1536x1068.jpg 1536w, https:\/\/originsights.com\/wp-content\/uploads\/2024\/10\/pexels-pixabay-355952-300x209.jpg 300w, https:\/\/originsights.com\/wp-content\/uploads\/2024\/10\/pexels-pixabay-355952-1024x712.jpg 1024w, https:\/\/originsights.com\/wp-content\/uploads\/2024\/10\/pexels-pixabay-355952-768x534.jpg 768w, https:\/\/originsights.com\/wp-content\/uploads\/2024\/10\/pexels-pixabay-355952-2048x1423.jpg 2048w\" sizes=\"(max-width: 1536px) 100vw, 1536px\" \/><\/div><\/a>\n\t\t\t\t<div class=\"elementor-post__text\">\n\t\t\t\t<h4 class=\"elementor-post__title\">\n\t\t\t<a href=\"https:\/\/originsights.com\/es\/index.php\/2024\/10\/24\/dont-let-bad-concept-testing-kill-your-innovation\/\" >\n\t\t\t\tDon&#8217;t let (bad) concept testing kill your innovation\t\t\t<\/a>\n\t\t<\/h4>\n\t\t\t\t<div class=\"elementor-post__excerpt\">\n\t\t\t<p>Many marketers fall in love with new product ideas. They get excited when it comes up and imagine the significant<\/p>\n\t\t<\/div>\n\t\t\n\t\t<a class=\"elementor-post__read-more\" href=\"https:\/\/originsights.com\/es\/index.php\/2024\/10\/24\/dont-let-bad-concept-testing-kill-your-innovation\/\" aria-label=\"M\u00e1s informaci\u00f3n sobre Don&#8217;t let (bad) concept testing kill your innovation\" tabindex=\"-1\" >\n\t\t\tRead more\t\t<\/a>\n\n\t\t\t\t<\/div>\n\t\t\t\t<div class=\"elementor-post__meta-data\">\n\t\t\t\t\t<span class=\"elementor-post-author\">\n\t\t\tMar Serr\u00e1n\t\t<\/span>\n\t\t\t\t<span class=\"elementor-post-date\">\n\t\t\toctubre 24, 2024\t\t<\/span>\n\t\t\t\t<\/div>\n\t\t\t\t\t<\/div>\n\t\t<\/article>\n\t\t\t\t<article class=\"elementor-post elementor-grid-item post-3001 post type-post status-publish format-standard has-post-thumbnail hentry\">\n\t\t\t<div class=\"elementor-post__card\">\n\t\t\t\t<a class=\"elementor-post__thumbnail__link\" href=\"https:\/\/originsights.com\/es\/index.php\/2024\/08\/06\/its-time-to-fix-your-brand-tracking\/\" tabindex=\"-1\" ><div class=\"elementor-post__thumbnail\"><img loading=\"lazy\" decoding=\"async\" width=\"930\" height=\"620\" src=\"https:\/\/originsights.com\/wp-content\/uploads\/2024\/08\/Brand-tracking-1-930x620-1.png\" class=\"attachment-1536x1536 size-1536x1536 wp-image-2916\" alt=\"\" srcset=\"https:\/\/originsights.com\/wp-content\/uploads\/2024\/08\/Brand-tracking-1-930x620-1.png 930w, https:\/\/originsights.com\/wp-content\/uploads\/2024\/08\/Brand-tracking-1-930x620-1-300x200.png 300w, https:\/\/originsights.com\/wp-content\/uploads\/2024\/08\/Brand-tracking-1-930x620-1-768x512.png 768w\" sizes=\"(max-width: 930px) 100vw, 930px\" \/><\/div><\/a>\n\t\t\t\t<div class=\"elementor-post__text\">\n\t\t\t\t<h4 class=\"elementor-post__title\">\n\t\t\t<a href=\"https:\/\/originsights.com\/es\/index.php\/2024\/08\/06\/its-time-to-fix-your-brand-tracking\/\" >\n\t\t\t\tIt\u2019s time to fix your brand tracking\t\t\t<\/a>\n\t\t<\/h4>\n\t\t\t\t<div class=\"elementor-post__excerpt\">\n\t\t\t<p>Brand managers are divided when it comes to brand tracking. Some see it as a vital management tool that they<\/p>\n\t\t<\/div>\n\t\t\n\t\t<a class=\"elementor-post__read-more\" href=\"https:\/\/originsights.com\/es\/index.php\/2024\/08\/06\/its-time-to-fix-your-brand-tracking\/\" aria-label=\"M\u00e1s informaci\u00f3n sobre It\u2019s time to fix your brand tracking\" tabindex=\"-1\" >\n\t\t\tRead more\t\t<\/a>\n\n\t\t\t\t<\/div>\n\t\t\t\t<div class=\"elementor-post__meta-data\">\n\t\t\t\t\t<span class=\"elementor-post-author\">\n\t\t\ttech\t\t<\/span>\n\t\t\t\t<span class=\"elementor-post-date\">\n\t\t\tagosto 6, 2024\t\t<\/span>\n\t\t\t\t<\/div>\n\t\t\t\t\t<\/div>\n\t\t<\/article>\n\t\t\t\t<\/div>\n\t\t\t\t\t<span class=\"e-load-more-spinner\">\n\t\t\t\t<svg aria-hidden=\"true\" class=\"e-font-icon-svg e-fas-spinner\" viewBox=\"0 0 512 512\" xmlns=\"http:\/\/www.w3.org\/2000\/svg\"><path d=\"M304 48c0 26.51-21.49 48-48 48s-48-21.49-48-48 21.49-48 48-48 48 21.49 48 48zm-48 368c-26.51 0-48 21.49-48 48s21.49 48 48 48 48-21.49 48-48-21.49-48-48-48zm208-208c-26.51 0-48 21.49-48 48s21.49 48 48 48 48-21.49 48-48-21.49-48-48-48zM96 256c0-26.51-21.49-48-48-48S0 229.49 0 256s21.49 48 48 48 48-21.49 48-48zm12.922 99.078c-26.51 0-48 21.49-48 48s21.49 48 48 48 48-21.49 48-48c0-26.509-21.491-48-48-48zm294.156 0c-26.51 0-48 21.49-48 48s21.49 48 48 48 48-21.49 48-48c0-26.509-21.49-48-48-48zM108.922 60.922c-26.51 0-48 21.49-48 48s21.49 48 48 48 48-21.49 48-48-21.491-48-48-48z\"><\/path><\/svg>\t\t\t<\/span>\n\t\t\n\t\t\t\t<div class=\"e-load-more-anchor\" data-page=\"1\" data-max-page=\"2\" data-next-page=\"https:\/\/originsights.com\/es\/index.php\/wp-json\/wp\/v2\/pages\/1009\/page\/2\/\"><\/div>\n\t\t\t\t<div class=\"e-load-more-message\"><\/div>\n\t\t\t\t<\/div>\n\t\t\t\t<\/div>\n\t\t\t\t<\/div>\n\t\t\t\t<\/div>\n\t\t","protected":false},"excerpt":{"rendered":"","protected":false},"author":1,"featured_media":0,"parent":0,"menu_order":0,"comment_status":"closed","ping_status":"closed","template":"","meta":{"site-sidebar-layout":"no-sidebar","site-content-layout":"","ast-site-content-layout":"full-width-container","site-content-style":"default","site-sidebar-style":"default","ast-global-header-display":"","ast-banner-title-visibility":"","ast-main-header-display":"","ast-hfb-above-header-display":"","ast-hfb-below-header-display":"","ast-hfb-mobile-header-display":"","site-post-title":"disabled","ast-breadcrumbs-content":"","ast-featured-img":"disabled","footer-sml-layout":"","theme-transparent-header-meta":"","adv-header-id-meta":"","stick-header-meta":"","header-above-stick-meta":"","header-main-stick-meta":"","header-below-stick-meta":"","astra-migrate-meta-layouts":"default","ast-page-background-enabled":"default","ast-page-background-meta":{"desktop":{"background-color":"var(--ast-global-color-4)","background-image":"","background-repeat":"repeat","background-position":"center center","background-size":"auto","background-attachment":"scroll","background-type":"","background-media":"","overlay-type":"","overlay-color":"","overlay-gradient":""},"tablet":{"background-color":"","background-image":"","background-repeat":"repeat","background-position":"center center","background-size":"auto","background-attachment":"scroll","background-type":"","background-media":"","overlay-type":"","overlay-color":"","overlay-gradient":""},"mobile":{"background-color":"","background-image":"","background-repeat":"repeat","background-position":"center center","background-size":"auto","background-attachment":"scroll","background-type":"","background-media":"","overlay-type":"","overlay-color":"","overlay-gradient":""}},"ast-content-background-meta":{"desktop":{"background-color":"var(--ast-global-color-5)","background-image":"","background-repeat":"repeat","background-position":"center center","background-size":"auto","background-attachment":"scroll","background-type":"","background-media":"","overlay-type":"","overlay-color":"","overlay-gradient":""},"tablet":{"background-color":"var(--ast-global-color-5)","background-image":"","background-repeat":"repeat","background-position":"center center","background-size":"auto","background-attachment":"scroll","background-type":"","background-media":"","overlay-type":"","overlay-color":"","overlay-gradient":""},"mobile":{"background-color":"var(--ast-global-color-5)","background-image":"","background-repeat":"repeat","background-position":"center center","background-size":"auto","background-attachment":"scroll","background-type":"","background-media":"","overlay-type":"","overlay-color":"","overlay-gradient":""}},"footnotes":""},"class_list":["post-1009","page","type-page","status-publish","hentry"],"_links":{"self":[{"href":"https:\/\/originsights.com\/es\/index.php\/wp-json\/wp\/v2\/pages\/1009","targetHints":{"allow":["GET"]}}],"collection":[{"href":"https:\/\/originsights.com\/es\/index.php\/wp-json\/wp\/v2\/pages"}],"about":[{"href":"https:\/\/originsights.com\/es\/index.php\/wp-json\/wp\/v2\/types\/page"}],"author":[{"embeddable":true,"href":"https:\/\/originsights.com\/es\/index.php\/wp-json\/wp\/v2\/users\/1"}],"replies":[{"embeddable":true,"href":"https:\/\/originsights.com\/es\/index.php\/wp-json\/wp\/v2\/comments?post=1009"}],"version-history":[{"count":67,"href":"https:\/\/originsights.com\/es\/index.php\/wp-json\/wp\/v2\/pages\/1009\/revisions"}],"predecessor-version":[{"id":3839,"href":"https:\/\/originsights.com\/es\/index.php\/wp-json\/wp\/v2\/pages\/1009\/revisions\/3839"}],"wp:attachment":[{"href":"https:\/\/originsights.com\/es\/index.php\/wp-json\/wp\/v2\/media?parent=1009"}],"curies":[{"name":"wp","href":"https:\/\/api.w.org\/{rel}","templated":true}]}}